{"id":5182,"date":"2024-01-29T14:49:50","date_gmt":"2024-01-29T19:49:50","guid":{"rendered":"https:\/\/mystudiomontreal.com\/reservation\/"},"modified":"2024-03-18T16:42:11","modified_gmt":"2024-03-18T20:42:11","slug":"reservation","status":"publish","type":"page","link":"https:\/\/montrealstays.com\/fr\/reservation\/","title":{"rendered":"R\u00e9servation"},"content":{"rendered":"\t\t<div data-elementor-type=\"wp-page\" data-elementor-id=\"5182\" class=\"elementor elementor-5182 elementor-4702\" data-elementor-post-type=\"page\">\n\t\t\t\t<div class=\"elementor-element elementor-element-f5cab76 e-flex e-con-boxed e-con e-parent\" data-id=\"f5cab76\" data-element_type=\"container\" data-e-type=\"container\" data-settings=\"{&quot;background_background&quot;:&quot;classic&quot;}\">\n\t\t\t\t\t<div class=\"e-con-inner\">\n\t\t\t\t<div class=\"elementor-element elementor-element-6b21b29 elementor-widget elementor-widget-spacer\" data-id=\"6b21b29\" data-element_type=\"widget\" data-e-type=\"widget\" data-widget_type=\"spacer.default\">\n\t\t\t\t<div class=\"elementor-widget-container\">\n\t\t\t\t\t\t\t<div class=\"elementor-spacer\">\n\t\t\t<div class=\"elementor-spacer-inner\"><\/div>\n\t\t<\/div>\n\t\t\t\t\t\t<\/div>\n\t\t\t\t<\/div>\n\t\t\t\t\t<\/div>\n\t\t\t\t<\/div>\n\t\t<div class=\"elementor-element elementor-element-d3abf51 e-con-full e-flex e-con e-parent\" data-id=\"d3abf51\" data-element_type=\"container\" data-e-type=\"container\" data-settings=\"{&quot;background_background&quot;:&quot;classic&quot;}\">\n\t\t<div class=\"elementor-element elementor-element-3d1e205 e-con-full elementor-hidden-tablet elementor-hidden-mobile e-flex e-con e-child\" data-id=\"3d1e205\" data-element_type=\"container\" data-e-type=\"container\" data-settings=\"{&quot;background_background&quot;:&quot;classic&quot;}\">\n\t\t\t\t<\/div>\n\t\t<div class=\"elementor-element elementor-element-8266203 e-flex e-con-boxed e-con e-child\" data-id=\"8266203\" data-element_type=\"container\" data-e-type=\"container\" data-settings=\"{&quot;background_background&quot;:&quot;classic&quot;}\">\n\t\t\t\t\t<div class=\"e-con-inner\">\n\t\t<div class=\"elementor-element elementor-element-b149cd0 e-flex e-con-boxed e-con e-child\" data-id=\"b149cd0\" data-element_type=\"container\" data-e-type=\"container\">\n\t\t\t\t\t<div class=\"e-con-inner\">\n\t\t\t\t<div class=\"elementor-element elementor-element-ba998c3 elementor-widget elementor-widget-heading\" data-id=\"ba998c3\" data-element_type=\"widget\" data-e-type=\"widget\" data-widget_type=\"heading.default\">\n\t\t\t\t<div class=\"elementor-widget-container\">\n\t\t\t\t\t<h2 class=\"elementor-heading-title elementor-size-default\">R\u00e9servez maintenant !<\/h2>\t\t\t\t<\/div>\n\t\t\t\t<\/div>\n\t\t\t\t<div class=\"elementor-element elementor-element-d4794fc elementor-widget elementor-widget-text-editor\" data-id=\"d4794fc\" data-element_type=\"widget\" data-e-type=\"widget\" data-widget_type=\"text-editor.default\">\n\t\t\t\t<div class=\"elementor-widget-container\">\n\t\t\t\t\t\t\t\t\t<p>Veuillez remplir le formulaire ci-dessous et nous vous contacterons d\u00e8s que possible ! Notre \u00e9quipe fera de son mieux pour r\u00e9pondre \u00e0 votre demande en fonction des disponibilit\u00e9s.<\/p>\n\t\t\t\t\t\t\t\t<\/div>\n\t\t\t\t<\/div>\n\t\t\t\t<div class=\"elementor-element elementor-element-93e910e elementor-align-center elementor-icon-list--layout-traditional elementor-list-item-link-full_width elementor-widget elementor-widget-icon-list\" data-id=\"93e910e\" data-element_type=\"widget\" data-e-type=\"widget\" data-widget_type=\"icon-list.default\">\n\t\t\t\t<div class=\"elementor-widget-container\">\n\t\t\t\t\t\t\t<ul class=\"elementor-icon-list-items\">\n\t\t\t\t\t\t\t<li class=\"elementor-icon-list-item\">\n\t\t\t\t\t\t\t\t\t\t\t<a href=\"mailto:booking@mystudiomontreal.com\">\n\n\t\t\t\t\t\t\t\t\t\t\t\t<span class=\"elementor-icon-list-icon\">\n\t\t\t\t\t\t\t<svg aria-hidden=\"true\" class=\"e-font-icon-svg e-far-envelope\" viewBox=\"0 0 512 512\" xmlns=\"http:\/\/www.w3.org\/2000\/svg\"><path d=\"M464 64H48C21.49 64 0 85.49 0 112v288c0 26.51 21.49 48 48 48h416c26.51 0 48-21.49 48-48V112c0-26.51-21.49-48-48-48zm0 48v40.805c-22.422 18.259-58.168 46.651-134.587 106.49-16.841 13.247-50.201 45.072-73.413 44.701-23.208.375-56.579-31.459-73.413-44.701C106.18 199.465 70.425 171.067 48 152.805V112h416zM48 400V214.398c22.914 18.251 55.409 43.862 104.938 82.646 21.857 17.205 60.134 55.186 103.062 54.955 42.717.231 80.509-37.199 103.053-54.947 49.528-38.783 82.032-64.401 104.947-82.653V400H48z\"><\/path><\/svg>\t\t\t\t\t\t<\/span>\n\t\t\t\t\t\t\t\t\t\t<span class=\"elementor-icon-list-text\">booking@mystudiomontreal.com<\/span>\n\t\t\t\t\t\t\t\t\t\t\t<\/a>\n\t\t\t\t\t\t\t\t\t<\/li>\n\t\t\t\t\t\t\t\t<li class=\"elementor-icon-list-item\">\n\t\t\t\t\t\t\t\t\t\t\t<a href=\"\">\n\n\t\t\t\t\t\t\t\t\t\t\t\t<span class=\"elementor-icon-list-icon\">\n\t\t\t\t\t\t\t<svg aria-hidden=\"true\" class=\"e-font-icon-svg e-fas-phone-alt\" viewBox=\"0 0 512 512\" xmlns=\"http:\/\/www.w3.org\/2000\/svg\"><path d=\"M497.39 361.8l-112-48a24 24 0 0 0-28 6.9l-49.6 60.6A370.66 370.66 0 0 1 130.6 204.11l60.6-49.6a23.94 23.94 0 0 0 6.9-28l-48-112A24.16 24.16 0 0 0 122.6.61l-104 24A24 24 0 0 0 0 48c0 256.5 207.9 464 464 464a24 24 0 0 0 23.4-18.6l24-104a24.29 24.29 0 0 0-14.01-27.6z\"><\/path><\/svg>\t\t\t\t\t\t<\/span>\n\t\t\t\t\t\t\t\t\t\t<span class=\"elementor-icon-list-text\">1-438-230-0266<\/span>\n\t\t\t\t\t\t\t\t\t\t\t<\/a>\n\t\t\t\t\t\t\t\t\t<\/li>\n\t\t\t\t\t\t<\/ul>\n\t\t\t\t\t\t<\/div>\n\t\t\t\t<\/div>\n\t\t\t\t<div class=\"elementor-element elementor-element-78393f9 elementor-widget-divider--view-line elementor-widget elementor-widget-divider\" data-id=\"78393f9\" data-element_type=\"widget\" data-e-type=\"widget\" data-widget_type=\"divider.default\">\n\t\t\t\t<div class=\"elementor-widget-container\">\n\t\t\t\t\t\t\t<div class=\"elementor-divider\">\n\t\t\t<span class=\"elementor-divider-separator\">\n\t\t\t\t\t\t<\/span>\n\t\t<\/div>\n\t\t\t\t\t\t<\/div>\n\t\t\t\t<\/div>\n\t\t\t\t<div class=\"elementor-element elementor-element-fb1d9b5 elementor-widget elementor-widget-html\" data-id=\"fb1d9b5\" data-element_type=\"widget\" data-e-type=\"widget\" data-widget_type=\"html.default\">\n\t\t\t\t<div class=\"elementor-widget-container\">\n\t\t\t\t\t<script charset=\"utf-8\" type=\"text\/javascript\" src=\"\/\/js.hsforms.net\/forms\/embed\/v2.js\"><\/script><script>hbspt.forms.create({\n    region: \"na1\",\n    portalId: \"21921052\",\n    formId: \"b0ac5773-630d-4a70-aa26-8da0baea32dd\"\n  });\n<\/script>\t\t\t\t<\/div>\n\t\t\t\t<\/div>\n\t\t\t\t\t<\/div>\n\t\t\t\t<\/div>\n\t\t\t\t\t<\/div>\n\t\t\t\t<\/div>\n\t\t\t\t<\/div>\n\t\t\t\t<\/div>\n\t\t","protected":false},"excerpt":{"rendered":"<p>R\u00e9servez maintenant ! Veuillez remplir le formulaire ci-dessous et nous vous contacterons d\u00e8s que possible ! Notre \u00e9quipe fera de son mieux pour r\u00e9pondre \u00e0 votre demande en fonction des disponibilit\u00e9s. booking@mystudiomontreal.com 1-438-230-0266<\/p>\n","protected":false},"author":6,"featured_media":0,"parent":0,"menu_order":0,"comment_status":"closed","ping_status":"closed","template":"elementor_header_footer","meta":{"footnotes":""},"class_list":["post-5182","page","type-page","status-publish","hentry"],"yoast_head":"<!-- This site is optimized with the Yoast SEO plugin v27.4 - https:\/\/yoast.com\/product\/yoast-seo-wordpress\/ -->\n<title>R\u00e9servation | Montreal Stays<\/title>\n<meta name=\"robots\" content=\"index, follow, max-snippet:-1, max-image-preview:large, max-video-preview:-1\" \/>\n<link rel=\"canonical\" href=\"https:\/\/montrealstays.com\/fr\/reservation\/\" \/>\n<meta property=\"og:locale\" content=\"fr_FR\" \/>\n<meta property=\"og:type\" content=\"article\" \/>\n<meta property=\"og:title\" content=\"R\u00e9servation | Montreal Stays\" \/>\n<meta property=\"og:description\" content=\"R\u00e9servez maintenant ! Veuillez remplir le formulaire ci-dessous et nous vous contacterons d\u00e8s que possible ! Notre \u00e9quipe fera de son mieux pour r\u00e9pondre \u00e0 votre demande en fonction des disponibilit\u00e9s. booking@mystudiomontreal.com 1-438-230-0266\" \/>\n<meta property=\"og:url\" content=\"https:\/\/montrealstays.com\/fr\/reservation\/\" \/>\n<meta property=\"og:site_name\" content=\"Montreal Stays\" \/>\n<meta property=\"article:modified_time\" content=\"2024-03-18T20:42:11+00:00\" \/>\n<meta name=\"twitter:card\" content=\"summary_large_image\" \/>\n<meta name=\"twitter:label1\" content=\"Est. reading time\" \/>\n\t<meta name=\"twitter:data1\" content=\"1 minute\" \/>\n<script type=\"application\/ld+json\" class=\"yoast-schema-graph\">{\"@context\":\"https:\\\/\\\/schema.org\",\"@graph\":[{\"@type\":\"WebPage\",\"@id\":\"https:\\\/\\\/montrealstays.com\\\/fr\\\/reservation\\\/\",\"url\":\"https:\\\/\\\/montrealstays.com\\\/fr\\\/reservation\\\/\",\"name\":\"R\u00e9servation | Montreal Stays\",\"isPartOf\":{\"@id\":\"https:\\\/\\\/montrealstays.com\\\/fr\\\/#website\"},\"datePublished\":\"2024-01-29T19:49:50+00:00\",\"dateModified\":\"2024-03-18T20:42:11+00:00\",\"breadcrumb\":{\"@id\":\"https:\\\/\\\/montrealstays.com\\\/fr\\\/reservation\\\/#breadcrumb\"},\"inLanguage\":\"fr-FR\",\"potentialAction\":[{\"@type\":\"ReadAction\",\"target\":[\"https:\\\/\\\/montrealstays.com\\\/fr\\\/reservation\\\/\"]}]},{\"@type\":\"BreadcrumbList\",\"@id\":\"https:\\\/\\\/montrealstays.com\\\/fr\\\/reservation\\\/#breadcrumb\",\"itemListElement\":[{\"@type\":\"ListItem\",\"position\":1,\"name\":\"Home\",\"item\":\"https:\\\/\\\/montrealstays.com\\\/fr\\\/\"},{\"@type\":\"ListItem\",\"position\":2,\"name\":\"R\u00e9servation\"}]},{\"@type\":\"WebSite\",\"@id\":\"https:\\\/\\\/montrealstays.com\\\/fr\\\/#website\",\"url\":\"https:\\\/\\\/montrealstays.com\\\/fr\\\/\",\"name\":\"My Studio Montreal\",\"description\":\"Short and Long-Term Rentals in Downtown Montreal\",\"publisher\":{\"@id\":\"https:\\\/\\\/montrealstays.com\\\/fr\\\/#organization\"},\"potentialAction\":[{\"@type\":\"SearchAction\",\"target\":{\"@type\":\"EntryPoint\",\"urlTemplate\":\"https:\\\/\\\/montrealstays.com\\\/fr\\\/?s={search_term_string}\"},\"query-input\":{\"@type\":\"PropertyValueSpecification\",\"valueRequired\":true,\"valueName\":\"search_term_string\"}}],\"inLanguage\":\"fr-FR\"},{\"@type\":\"Organization\",\"@id\":\"https:\\\/\\\/montrealstays.com\\\/fr\\\/#organization\",\"name\":\"My Studio Montreal\",\"url\":\"https:\\\/\\\/montrealstays.com\\\/fr\\\/\",\"logo\":{\"@type\":\"ImageObject\",\"inLanguage\":\"fr-FR\",\"@id\":\"https:\\\/\\\/montrealstays.com\\\/fr\\\/#\\\/schema\\\/logo\\\/image\\\/\",\"url\":\"https:\\\/\\\/mystudiomontreal.com\\\/wp-content\\\/uploads\\\/2022\\\/10\\\/MyStudioMontrealLOGO-06-1-e1665764831749.png\",\"contentUrl\":\"https:\\\/\\\/mystudiomontreal.com\\\/wp-content\\\/uploads\\\/2022\\\/10\\\/MyStudioMontrealLOGO-06-1-e1665764831749.png\",\"width\":500,\"height\":250,\"caption\":\"My Studio Montreal\"},\"image\":{\"@id\":\"https:\\\/\\\/montrealstays.com\\\/fr\\\/#\\\/schema\\\/logo\\\/image\\\/\"}}]}<\/script>\n<!-- \/ Yoast SEO plugin. -->","yoast_head_json":{"title":"R\u00e9servation | Montreal Stays","robots":{"index":"index","follow":"follow","max-snippet":"max-snippet:-1","max-image-preview":"max-image-preview:large","max-video-preview":"max-video-preview:-1"},"canonical":"https:\/\/montrealstays.com\/fr\/reservation\/","og_locale":"fr_FR","og_type":"article","og_title":"R\u00e9servation | Montreal Stays","og_description":"R\u00e9servez maintenant ! Veuillez remplir le formulaire ci-dessous et nous vous contacterons d\u00e8s que possible ! Notre \u00e9quipe fera de son mieux pour r\u00e9pondre \u00e0 votre demande en fonction des disponibilit\u00e9s. booking@mystudiomontreal.com 1-438-230-0266","og_url":"https:\/\/montrealstays.com\/fr\/reservation\/","og_site_name":"Montreal Stays","article_modified_time":"2024-03-18T20:42:11+00:00","twitter_card":"summary_large_image","twitter_misc":{"Est. reading time":"1 minute"},"schema":{"@context":"https:\/\/schema.org","@graph":[{"@type":"WebPage","@id":"https:\/\/montrealstays.com\/fr\/reservation\/","url":"https:\/\/montrealstays.com\/fr\/reservation\/","name":"R\u00e9servation | Montreal Stays","isPartOf":{"@id":"https:\/\/montrealstays.com\/fr\/#website"},"datePublished":"2024-01-29T19:49:50+00:00","dateModified":"2024-03-18T20:42:11+00:00","breadcrumb":{"@id":"https:\/\/montrealstays.com\/fr\/reservation\/#breadcrumb"},"inLanguage":"fr-FR","potentialAction":[{"@type":"ReadAction","target":["https:\/\/montrealstays.com\/fr\/reservation\/"]}]},{"@type":"BreadcrumbList","@id":"https:\/\/montrealstays.com\/fr\/reservation\/#breadcrumb","itemListElement":[{"@type":"ListItem","position":1,"name":"Home","item":"https:\/\/montrealstays.com\/fr\/"},{"@type":"ListItem","position":2,"name":"R\u00e9servation"}]},{"@type":"WebSite","@id":"https:\/\/montrealstays.com\/fr\/#website","url":"https:\/\/montrealstays.com\/fr\/","name":"My Studio Montreal","description":"Short and Long-Term Rentals in Downtown Montreal","publisher":{"@id":"https:\/\/montrealstays.com\/fr\/#organization"},"potentialAction":[{"@type":"SearchAction","target":{"@type":"EntryPoint","urlTemplate":"https:\/\/montrealstays.com\/fr\/?s={search_term_string}"},"query-input":{"@type":"PropertyValueSpecification","valueRequired":true,"valueName":"search_term_string"}}],"inLanguage":"fr-FR"},{"@type":"Organization","@id":"https:\/\/montrealstays.com\/fr\/#organization","name":"My Studio Montreal","url":"https:\/\/montrealstays.com\/fr\/","logo":{"@type":"ImageObject","inLanguage":"fr-FR","@id":"https:\/\/montrealstays.com\/fr\/#\/schema\/logo\/image\/","url":"https:\/\/mystudiomontreal.com\/wp-content\/uploads\/2022\/10\/MyStudioMontrealLOGO-06-1-e1665764831749.png","contentUrl":"https:\/\/mystudiomontreal.com\/wp-content\/uploads\/2022\/10\/MyStudioMontrealLOGO-06-1-e1665764831749.png","width":500,"height":250,"caption":"My Studio Montreal"},"image":{"@id":"https:\/\/montrealstays.com\/fr\/#\/schema\/logo\/image\/"}}]}},"_links":{"self":[{"href":"https:\/\/montrealstays.com\/fr\/wp-json\/wp\/v2\/pages\/5182","targetHints":{"allow":["GET"]}}],"collection":[{"href":"https:\/\/montrealstays.com\/fr\/wp-json\/wp\/v2\/pages"}],"about":[{"href":"https:\/\/montrealstays.com\/fr\/wp-json\/wp\/v2\/types\/page"}],"author":[{"embeddable":true,"href":"https:\/\/montrealstays.com\/fr\/wp-json\/wp\/v2\/users\/6"}],"replies":[{"embeddable":true,"href":"https:\/\/montrealstays.com\/fr\/wp-json\/wp\/v2\/comments?post=5182"}],"version-history":[{"count":6,"href":"https:\/\/montrealstays.com\/fr\/wp-json\/wp\/v2\/pages\/5182\/revisions"}],"predecessor-version":[{"id":5229,"href":"https:\/\/montrealstays.com\/fr\/wp-json\/wp\/v2\/pages\/5182\/revisions\/5229"}],"wp:attachment":[{"href":"https:\/\/montrealstays.com\/fr\/wp-json\/wp\/v2\/media?parent=5182"}],"curies":[{"name":"wp","href":"https:\/\/api.w.org\/{rel}","templated":true}]}}